{"id":10326,"date":"2023-12-18T21:45:12","date_gmt":"2023-12-18T21:45:12","guid":{"rendered":"https:\/\/www.leatherlane.it\/?post_type=product&#038;p=10326"},"modified":"2026-01-04T23:24:05","modified_gmt":"2026-01-04T23:24:05","slug":"emily-mary-jane-2","status":"publish","type":"product","link":"https:\/\/www.leatherlane.it\/it\/prodotto\/emily-mary-jane-2\/","title":{"rendered":"Emily Mary Jane"},"content":{"rendered":"<p style=\"text-align: center;\">Le nuove Emily Mary Jane in nappa nera dimostrano, nella bellezza della loro semplicit\u00e0, la maestria dei nostri esperti artigiani nel realizzare un prodotto cos\u00ec squisitamente sofisticato.<br \/>\n\u00c8 cruciale l\u2019attenzione ai dettagli ed ai materiali: la scelta di utilizzare soltanto pellami di lusso, la moderna e minimalistica punta squadrata, la suola in comodissimo cuoio italiano e la fibbia ovale dorata impartiscono una allure eterea ed un feel ricercato.<br \/>\nIndossale con il tuo denim preferito o con pantaloni sartoriali; perch\u00e9 no, con abiti e gonne lunghe per un outfit all\u2019avanguardia. Le possibilit\u00e0 sono infinite!<\/p>\n<p style=\"text-align: center;\">Tutte le nostre calzature sono realizzate a mano in Italia da artigiani esperti.<\/p>\n<p style=\"text-align: center;\">Reso e cambio taglia gratuiti.<\/p>\n<p style=\"text-align: center;\"><strong>Vestibilit\u00e0 ridotta<\/strong>: per le Emily Mary Jane in nappa, ti suggeriamo la scelta di un numero aggiuntivo rispetto al tuo abituale.<\/p>\n<p style=\"text-align: center;\"><strong>Spedizione programmata<\/strong>: acquista ora e ricevi il tuo ordine quando desideri, lascia una nota durante il checkout<br \/>\n<strong>Modalit\u00e0 punto di ritiro<\/strong>: puoi ricevere il tuo ordine presso un punto di ritiro, basta chiederlo nelle note del tuo ordine<\/p>\n","protected":false},"excerpt":{"rendered":"<p>Le nuove Emily Mary Jane in nappa nera dimostrano, nella bellezza della loro semplicit\u00e0, la maestria dei nostri esperti artigiani nel realizzare un prodotto cos\u00ec squisitamente sofisticato. \u00c8 cruciale l\u2019attenzione ai dettagli ed ai materiali: la scelta di utilizzare soltanto pellami di lusso, la moderna e minimalistica punta squadrata, la suola in comodissimo cuoio italiano [&hellip;]<\/p>\n","protected":false},"featured_media":10376,"template":"","meta":{"inline_featured_image":false},"product_cat":[15,117],"product_tag":[],"class_list":{"0":"post-10326","1":"product","2":"type-product","3":"status-publish","4":"has-post-thumbnail","6":"product_cat-shop","7":"product_cat-orlando-mary-jane","9":"first","10":"instock","11":"sale","12":"taxable","13":"shipping-taxable","14":"purchasable","15":"product-type-variable"},"yoast_head":"<!-- This site is optimized with the Yoast SEO plugin v22.8 - https:\/\/yoast.com\/wordpress\/plugins\/seo\/ -->\n<title>Emily Mary Jane - Leather Lane<\/title>\n<meta name=\"robots\" content=\"index, follow, max-snippet:-1, max-image-preview:large, max-video-preview:-1\" \/>\n<link rel=\"canonical\" href=\"https:\/\/www.leatherlane.it\/en\/prodotto\/orlando-mary-jane-copy-copy\/\" \/>\n<meta property=\"og:locale\" content=\"it_IT\" \/>\n<meta property=\"og:type\" content=\"article\" \/>\n<meta property=\"og:title\" content=\"Emily Mary Jane - Leather Lane\" \/>\n<meta property=\"og:description\" content=\"Le nuove Emily Mary Jane in nappa nera dimostrano, nella bellezza della loro semplicit\u00e0, la maestria dei nostri esperti artigiani nel realizzare un prodotto cos\u00ec squisitamente sofisticato. \u00c8 cruciale l\u2019attenzione ai dettagli ed ai materiali: la scelta di utilizzare soltanto pellami di lusso, la moderna e minimalistica punta squadrata, la suola in comodissimo cuoio italiano [&hellip;]\" \/>\n<meta property=\"og:url\" content=\"https:\/\/www.leatherlane.it\/en\/prodotto\/orlando-mary-jane-copy-copy\/\" \/>\n<meta property=\"og:site_name\" content=\"Leather Lane\" \/>\n<meta property=\"article:modified_time\" content=\"2026-01-04T23:24:05+00:00\" \/>\n<meta property=\"og:image\" content=\"https:\/\/www.leatherlane.it\/wp-content\/uploads\/2023\/12\/emj1-2-scaled.jpg\" \/>\n\t<meta property=\"og:image:width\" content=\"2560\" \/>\n\t<meta property=\"og:image:height\" content=\"2536\" \/>\n\t<meta property=\"og:image:type\" content=\"image\/jpeg\" \/>\n<meta name=\"twitter:card\" content=\"summary_large_image\" \/>\n<meta name=\"twitter:label1\" content=\"Tempo di lettura stimato\" \/>\n\t<meta name=\"twitter:data1\" content=\"1 minuto\" \/>\n<script type=\"application\/ld+json\" class=\"yoast-schema-graph\">{\"@context\":\"https:\/\/schema.org\",\"@graph\":[{\"@type\":\"WebPage\",\"@id\":\"https:\/\/www.leatherlane.it\/en\/prodotto\/orlando-mary-jane-copy-copy\/\",\"url\":\"https:\/\/www.leatherlane.it\/en\/prodotto\/orlando-mary-jane-copy-copy\/\",\"name\":\"Emily Mary Jane - Leather Lane\",\"isPartOf\":{\"@id\":\"https:\/\/www.leatherlane.it\/en\/#website\"},\"primaryImageOfPage\":{\"@id\":\"https:\/\/www.leatherlane.it\/en\/prodotto\/orlando-mary-jane-copy-copy\/#primaryimage\"},\"image\":{\"@id\":\"https:\/\/www.leatherlane.it\/en\/prodotto\/orlando-mary-jane-copy-copy\/#primaryimage\"},\"thumbnailUrl\":\"https:\/\/www.leatherlane.it\/wp-content\/uploads\/2023\/12\/emj1-2-scaled.jpg\",\"datePublished\":\"2023-12-18T21:45:12+00:00\",\"dateModified\":\"2026-01-04T23:24:05+00:00\",\"breadcrumb\":{\"@id\":\"https:\/\/www.leatherlane.it\/en\/prodotto\/orlando-mary-jane-copy-copy\/#breadcrumb\"},\"inLanguage\":\"it-IT\",\"potentialAction\":[{\"@type\":\"ReadAction\",\"target\":[\"https:\/\/www.leatherlane.it\/en\/prodotto\/orlando-mary-jane-copy-copy\/\"]}]},{\"@type\":\"ImageObject\",\"inLanguage\":\"it-IT\",\"@id\":\"https:\/\/www.leatherlane.it\/en\/prodotto\/orlando-mary-jane-copy-copy\/#primaryimage\",\"url\":\"https:\/\/www.leatherlane.it\/wp-content\/uploads\/2023\/12\/emj1-2-scaled.jpg\",\"contentUrl\":\"https:\/\/www.leatherlane.it\/wp-content\/uploads\/2023\/12\/emj1-2-scaled.jpg\",\"width\":2560,\"height\":2536},{\"@type\":\"BreadcrumbList\",\"@id\":\"https:\/\/www.leatherlane.it\/en\/prodotto\/orlando-mary-jane-copy-copy\/#breadcrumb\",\"itemListElement\":[{\"@type\":\"ListItem\",\"position\":1,\"name\":\"Home\",\"item\":\"https:\/\/www.leatherlane.it\/en\/\"},{\"@type\":\"ListItem\",\"position\":2,\"name\":\"Shop\",\"item\":\"https:\/\/www.leatherlane.it\/it\/shop\/\"},{\"@type\":\"ListItem\",\"position\":3,\"name\":\"Emily Mary Jane\"}]},{\"@type\":\"WebSite\",\"@id\":\"https:\/\/www.leatherlane.it\/en\/#website\",\"url\":\"https:\/\/www.leatherlane.it\/en\/\",\"name\":\"Leather Lane\",\"description\":\"\",\"potentialAction\":[{\"@type\":\"SearchAction\",\"target\":{\"@type\":\"EntryPoint\",\"urlTemplate\":\"https:\/\/www.leatherlane.it\/en\/?s={search_term_string}\"},\"query-input\":\"required name=search_term_string\"}],\"inLanguage\":\"it-IT\"}]}<\/script>\n<!-- \/ Yoast SEO plugin. -->","yoast_head_json":{"title":"Emily Mary Jane - Leather Lane","robots":{"index":"index","follow":"follow","max-snippet":"max-snippet:-1","max-image-preview":"max-image-preview:large","max-video-preview":"max-video-preview:-1"},"canonical":"https:\/\/www.leatherlane.it\/en\/prodotto\/orlando-mary-jane-copy-copy\/","og_locale":"it_IT","og_type":"article","og_title":"Emily Mary Jane - Leather Lane","og_description":"Le nuove Emily Mary Jane in nappa nera dimostrano, nella bellezza della loro semplicit\u00e0, la maestria dei nostri esperti artigiani nel realizzare un prodotto cos\u00ec squisitamente sofisticato. \u00c8 cruciale l\u2019attenzione ai dettagli ed ai materiali: la scelta di utilizzare soltanto pellami di lusso, la moderna e minimalistica punta squadrata, la suola in comodissimo cuoio italiano [&hellip;]","og_url":"https:\/\/www.leatherlane.it\/en\/prodotto\/orlando-mary-jane-copy-copy\/","og_site_name":"Leather Lane","article_modified_time":"2026-01-04T23:24:05+00:00","og_image":[{"width":2560,"height":2536,"url":"https:\/\/www.leatherlane.it\/wp-content\/uploads\/2023\/12\/emj1-2-scaled.jpg","type":"image\/jpeg"}],"twitter_card":"summary_large_image","twitter_misc":{"Tempo di lettura stimato":"1 minuto"},"schema":{"@context":"https:\/\/schema.org","@graph":[{"@type":"WebPage","@id":"https:\/\/www.leatherlane.it\/en\/prodotto\/orlando-mary-jane-copy-copy\/","url":"https:\/\/www.leatherlane.it\/en\/prodotto\/orlando-mary-jane-copy-copy\/","name":"Emily Mary Jane - Leather Lane","isPartOf":{"@id":"https:\/\/www.leatherlane.it\/en\/#website"},"primaryImageOfPage":{"@id":"https:\/\/www.leatherlane.it\/en\/prodotto\/orlando-mary-jane-copy-copy\/#primaryimage"},"image":{"@id":"https:\/\/www.leatherlane.it\/en\/prodotto\/orlando-mary-jane-copy-copy\/#primaryimage"},"thumbnailUrl":"https:\/\/www.leatherlane.it\/wp-content\/uploads\/2023\/12\/emj1-2-scaled.jpg","datePublished":"2023-12-18T21:45:12+00:00","dateModified":"2026-01-04T23:24:05+00:00","breadcrumb":{"@id":"https:\/\/www.leatherlane.it\/en\/prodotto\/orlando-mary-jane-copy-copy\/#breadcrumb"},"inLanguage":"it-IT","potentialAction":[{"@type":"ReadAction","target":["https:\/\/www.leatherlane.it\/en\/prodotto\/orlando-mary-jane-copy-copy\/"]}]},{"@type":"ImageObject","inLanguage":"it-IT","@id":"https:\/\/www.leatherlane.it\/en\/prodotto\/orlando-mary-jane-copy-copy\/#primaryimage","url":"https:\/\/www.leatherlane.it\/wp-content\/uploads\/2023\/12\/emj1-2-scaled.jpg","contentUrl":"https:\/\/www.leatherlane.it\/wp-content\/uploads\/2023\/12\/emj1-2-scaled.jpg","width":2560,"height":2536},{"@type":"BreadcrumbList","@id":"https:\/\/www.leatherlane.it\/en\/prodotto\/orlando-mary-jane-copy-copy\/#breadcrumb","itemListElement":[{"@type":"ListItem","position":1,"name":"Home","item":"https:\/\/www.leatherlane.it\/en\/"},{"@type":"ListItem","position":2,"name":"Shop","item":"https:\/\/www.leatherlane.it\/it\/shop\/"},{"@type":"ListItem","position":3,"name":"Emily Mary Jane"}]},{"@type":"WebSite","@id":"https:\/\/www.leatherlane.it\/en\/#website","url":"https:\/\/www.leatherlane.it\/en\/","name":"Leather Lane","description":"","potentialAction":[{"@type":"SearchAction","target":{"@type":"EntryPoint","urlTemplate":"https:\/\/www.leatherlane.it\/en\/?s={search_term_string}"},"query-input":"required name=search_term_string"}],"inLanguage":"it-IT"}]}},"_links":{"self":[{"href":"https:\/\/www.leatherlane.it\/it\/wp-json\/wp\/v2\/product\/10326","targetHints":{"allow":["GET"]}}],"collection":[{"href":"https:\/\/www.leatherlane.it\/it\/wp-json\/wp\/v2\/product"}],"about":[{"href":"https:\/\/www.leatherlane.it\/it\/wp-json\/wp\/v2\/types\/product"}],"version-history":[{"count":1,"href":"https:\/\/www.leatherlane.it\/it\/wp-json\/wp\/v2\/product\/10326\/revisions"}],"predecessor-version":[{"id":10373,"href":"https:\/\/www.leatherlane.it\/it\/wp-json\/wp\/v2\/product\/10326\/revisions\/10373"}],"wp:featuredmedia":[{"embeddable":true,"href":"https:\/\/www.leatherlane.it\/it\/wp-json\/wp\/v2\/media\/10376"}],"wp:attachment":[{"href":"https:\/\/www.leatherlane.it\/it\/wp-json\/wp\/v2\/media?parent=10326"}],"wp:term":[{"taxonomy":"product_cat","embeddable":true,"href":"https:\/\/www.leatherlane.it\/it\/wp-json\/wp\/v2\/product_cat?post=10326"},{"taxonomy":"product_tag","embeddable":true,"href":"https:\/\/www.leatherlane.it\/it\/wp-json\/wp\/v2\/product_tag?post=10326"}],"curies":[{"name":"wp","href":"https:\/\/api.w.org\/{rel}","templated":true}]}}