{"id":6671,"date":"2021-12-21T22:02:39","date_gmt":"2021-12-21T22:02:39","guid":{"rendered":"https:\/\/leatherlane.connectyourlife.it\/?post_type=product&#038;p=6671"},"modified":"2026-02-07T08:25:12","modified_gmt":"2026-02-07T08:25:12","slug":"orlando-bordeaux","status":"publish","type":"product","link":"https:\/\/www.leatherlane.it\/it\/prodotto\/orlando-bordeaux\/","title":{"rendered":"Orlando Mary Jane"},"content":{"rendered":"<p style=\"text-align: center;\">Comparse per la prima volta alla fine del 1800, le Mary Jane sono state rese popolari all\u2019inizio del secolo scorso dalle flapper girls nelle sale da ballo, e riportate successivamente in auge da star del calibro di Greta Garbo, Twiggy e Jane Birkin. La nostra reinterpretazione di questo classico richiama lo stile delle calzature degli anni Venti del Novecento; realizzate in pregiatissima pelle verniciata, con tacco squadrato di 6 centimetri e punta geometrica. Sono rifinite internamente in pelle morbida rosata, con cinturino sul dorso del piede rivestito in pelle. La loro classicit\u00e0 intemporel evoca in maniera sottile la sensualit\u00e0 della insouciance de la jeunesse. Consigliamo di abbinarle ad una gonna midi pliss\u00e9, un abito corto o pantaloni e jeans dalla gamba diritta o leggermente svasata.<\/p>\n<p style=\"text-align: center;\">Tutte le nostre calzature sono realizzate a mano in Italia da artigiani esperti.<\/p>\n<p style=\"text-align: center;\">Reso e cambio taglia gratuiti.<\/p>\n<p style=\"text-align: center;\"><strong>Spedizione programmata<\/strong>: acquista ora e ricevi il tuo ordine quando desideri, lascia una nota durante il checkout<br \/>\n<strong>Modalit\u00e0 punto di ritiro<\/strong>: puoi ricevere il tuo ordine presso un punto di ritiro, basta chiederlo nelle note del tuo ordine<\/p>\n","protected":false},"excerpt":{"rendered":"<p>Comparse per la prima volta alla fine del 1800, le Mary Jane sono state rese popolari all\u2019inizio del secolo scorso dalle flapper girls nelle sale da ballo, e riportate successivamente in auge da star del calibro di Greta Garbo, Twiggy e Jane Birkin. La nostra reinterpretazione di questo classico richiama lo stile delle calzature degli [&hellip;]<\/p>\n","protected":false},"featured_media":9402,"template":"","meta":{"inline_featured_image":false},"product_cat":[15,117],"product_tag":[],"class_list":{"0":"post-6671","1":"product","2":"type-product","3":"status-publish","4":"has-post-thumbnail","6":"product_cat-shop","7":"product_cat-orlando-mary-jane","9":"first","10":"instock","11":"sale","12":"taxable","13":"shipping-taxable","14":"purchasable","15":"product-type-variable","16":"has-default-attributes"},"yoast_head":"<!-- This site is optimized with the Yoast SEO plugin v22.8 - https:\/\/yoast.com\/wordpress\/plugins\/seo\/ -->\n<title>Orlando Mary Jane - Leather Lane<\/title>\n<meta name=\"robots\" content=\"index, follow, max-snippet:-1, max-image-preview:large, max-video-preview:-1\" \/>\n<link rel=\"canonical\" href=\"https:\/\/www.leatherlane.it\/en\/prodotto\/orlando-bordeaux\/\" \/>\n<meta property=\"og:locale\" content=\"it_IT\" \/>\n<meta property=\"og:type\" content=\"article\" \/>\n<meta property=\"og:title\" content=\"Orlando Mary Jane - Leather Lane\" \/>\n<meta property=\"og:description\" content=\"Comparse per la prima volta alla fine del 1800, le Mary Jane sono state rese popolari all\u2019inizio del secolo scorso dalle flapper girls nelle sale da ballo, e riportate successivamente in auge da star del calibro di Greta Garbo, Twiggy e Jane Birkin. La nostra reinterpretazione di questo classico richiama lo stile delle calzature degli [&hellip;]\" \/>\n<meta property=\"og:url\" content=\"https:\/\/www.leatherlane.it\/en\/prodotto\/orlando-bordeaux\/\" \/>\n<meta property=\"og:site_name\" content=\"Leather Lane\" \/>\n<meta property=\"article:modified_time\" content=\"2026-02-07T08:25:12+00:00\" \/>\n<meta property=\"og:image\" content=\"https:\/\/www.leatherlane.it\/wp-content\/uploads\/2021\/12\/Il-mio-progetto16.jpg\" \/>\n\t<meta property=\"og:image:width\" content=\"1080\" \/>\n\t<meta property=\"og:image:height\" content=\"1080\" \/>\n\t<meta property=\"og:image:type\" content=\"image\/jpeg\" \/>\n<meta name=\"twitter:card\" content=\"summary_large_image\" \/>\n<meta name=\"twitter:label1\" content=\"Tempo di lettura stimato\" \/>\n\t<meta name=\"twitter:data1\" content=\"1 minuto\" \/>\n<script type=\"application\/ld+json\" class=\"yoast-schema-graph\">{\"@context\":\"https:\/\/schema.org\",\"@graph\":[{\"@type\":\"WebPage\",\"@id\":\"https:\/\/www.leatherlane.it\/en\/prodotto\/orlando-bordeaux\/\",\"url\":\"https:\/\/www.leatherlane.it\/en\/prodotto\/orlando-bordeaux\/\",\"name\":\"Orlando Mary Jane - Leather Lane\",\"isPartOf\":{\"@id\":\"https:\/\/www.leatherlane.it\/en\/#website\"},\"primaryImageOfPage\":{\"@id\":\"https:\/\/www.leatherlane.it\/en\/prodotto\/orlando-bordeaux\/#primaryimage\"},\"image\":{\"@id\":\"https:\/\/www.leatherlane.it\/en\/prodotto\/orlando-bordeaux\/#primaryimage\"},\"thumbnailUrl\":\"https:\/\/www.leatherlane.it\/wp-content\/uploads\/2021\/12\/Il-mio-progetto16.jpg\",\"datePublished\":\"2021-12-21T22:02:39+00:00\",\"dateModified\":\"2026-02-07T08:25:12+00:00\",\"breadcrumb\":{\"@id\":\"https:\/\/www.leatherlane.it\/en\/prodotto\/orlando-bordeaux\/#breadcrumb\"},\"inLanguage\":\"it-IT\",\"potentialAction\":[{\"@type\":\"ReadAction\",\"target\":[\"https:\/\/www.leatherlane.it\/en\/prodotto\/orlando-bordeaux\/\"]}]},{\"@type\":\"ImageObject\",\"inLanguage\":\"it-IT\",\"@id\":\"https:\/\/www.leatherlane.it\/en\/prodotto\/orlando-bordeaux\/#primaryimage\",\"url\":\"https:\/\/www.leatherlane.it\/wp-content\/uploads\/2021\/12\/Il-mio-progetto16.jpg\",\"contentUrl\":\"https:\/\/www.leatherlane.it\/wp-content\/uploads\/2021\/12\/Il-mio-progetto16.jpg\",\"width\":1080,\"height\":1080},{\"@type\":\"BreadcrumbList\",\"@id\":\"https:\/\/www.leatherlane.it\/en\/prodotto\/orlando-bordeaux\/#breadcrumb\",\"itemListElement\":[{\"@type\":\"ListItem\",\"position\":1,\"name\":\"Home\",\"item\":\"https:\/\/www.leatherlane.it\/en\/\"},{\"@type\":\"ListItem\",\"position\":2,\"name\":\"Shop\",\"item\":\"https:\/\/www.leatherlane.it\/it\/shop\/\"},{\"@type\":\"ListItem\",\"position\":3,\"name\":\"Orlando Mary Jane\"}]},{\"@type\":\"WebSite\",\"@id\":\"https:\/\/www.leatherlane.it\/en\/#website\",\"url\":\"https:\/\/www.leatherlane.it\/en\/\",\"name\":\"Leather Lane\",\"description\":\"\",\"potentialAction\":[{\"@type\":\"SearchAction\",\"target\":{\"@type\":\"EntryPoint\",\"urlTemplate\":\"https:\/\/www.leatherlane.it\/en\/?s={search_term_string}\"},\"query-input\":\"required name=search_term_string\"}],\"inLanguage\":\"it-IT\"}]}<\/script>\n<!-- \/ Yoast SEO plugin. -->","yoast_head_json":{"title":"Orlando Mary Jane - Leather Lane","robots":{"index":"index","follow":"follow","max-snippet":"max-snippet:-1","max-image-preview":"max-image-preview:large","max-video-preview":"max-video-preview:-1"},"canonical":"https:\/\/www.leatherlane.it\/en\/prodotto\/orlando-bordeaux\/","og_locale":"it_IT","og_type":"article","og_title":"Orlando Mary Jane - Leather Lane","og_description":"Comparse per la prima volta alla fine del 1800, le Mary Jane sono state rese popolari all\u2019inizio del secolo scorso dalle flapper girls nelle sale da ballo, e riportate successivamente in auge da star del calibro di Greta Garbo, Twiggy e Jane Birkin. La nostra reinterpretazione di questo classico richiama lo stile delle calzature degli [&hellip;]","og_url":"https:\/\/www.leatherlane.it\/en\/prodotto\/orlando-bordeaux\/","og_site_name":"Leather Lane","article_modified_time":"2026-02-07T08:25:12+00:00","og_image":[{"width":1080,"height":1080,"url":"https:\/\/www.leatherlane.it\/wp-content\/uploads\/2021\/12\/Il-mio-progetto16.jpg","type":"image\/jpeg"}],"twitter_card":"summary_large_image","twitter_misc":{"Tempo di lettura stimato":"1 minuto"},"schema":{"@context":"https:\/\/schema.org","@graph":[{"@type":"WebPage","@id":"https:\/\/www.leatherlane.it\/en\/prodotto\/orlando-bordeaux\/","url":"https:\/\/www.leatherlane.it\/en\/prodotto\/orlando-bordeaux\/","name":"Orlando Mary Jane - Leather Lane","isPartOf":{"@id":"https:\/\/www.leatherlane.it\/en\/#website"},"primaryImageOfPage":{"@id":"https:\/\/www.leatherlane.it\/en\/prodotto\/orlando-bordeaux\/#primaryimage"},"image":{"@id":"https:\/\/www.leatherlane.it\/en\/prodotto\/orlando-bordeaux\/#primaryimage"},"thumbnailUrl":"https:\/\/www.leatherlane.it\/wp-content\/uploads\/2021\/12\/Il-mio-progetto16.jpg","datePublished":"2021-12-21T22:02:39+00:00","dateModified":"2026-02-07T08:25:12+00:00","breadcrumb":{"@id":"https:\/\/www.leatherlane.it\/en\/prodotto\/orlando-bordeaux\/#breadcrumb"},"inLanguage":"it-IT","potentialAction":[{"@type":"ReadAction","target":["https:\/\/www.leatherlane.it\/en\/prodotto\/orlando-bordeaux\/"]}]},{"@type":"ImageObject","inLanguage":"it-IT","@id":"https:\/\/www.leatherlane.it\/en\/prodotto\/orlando-bordeaux\/#primaryimage","url":"https:\/\/www.leatherlane.it\/wp-content\/uploads\/2021\/12\/Il-mio-progetto16.jpg","contentUrl":"https:\/\/www.leatherlane.it\/wp-content\/uploads\/2021\/12\/Il-mio-progetto16.jpg","width":1080,"height":1080},{"@type":"BreadcrumbList","@id":"https:\/\/www.leatherlane.it\/en\/prodotto\/orlando-bordeaux\/#breadcrumb","itemListElement":[{"@type":"ListItem","position":1,"name":"Home","item":"https:\/\/www.leatherlane.it\/en\/"},{"@type":"ListItem","position":2,"name":"Shop","item":"https:\/\/www.leatherlane.it\/it\/shop\/"},{"@type":"ListItem","position":3,"name":"Orlando Mary Jane"}]},{"@type":"WebSite","@id":"https:\/\/www.leatherlane.it\/en\/#website","url":"https:\/\/www.leatherlane.it\/en\/","name":"Leather Lane","description":"","potentialAction":[{"@type":"SearchAction","target":{"@type":"EntryPoint","urlTemplate":"https:\/\/www.leatherlane.it\/en\/?s={search_term_string}"},"query-input":"required name=search_term_string"}],"inLanguage":"it-IT"}]}},"_links":{"self":[{"href":"https:\/\/www.leatherlane.it\/it\/wp-json\/wp\/v2\/product\/6671","targetHints":{"allow":["GET"]}}],"collection":[{"href":"https:\/\/www.leatherlane.it\/it\/wp-json\/wp\/v2\/product"}],"about":[{"href":"https:\/\/www.leatherlane.it\/it\/wp-json\/wp\/v2\/types\/product"}],"version-history":[{"count":6,"href":"https:\/\/www.leatherlane.it\/it\/wp-json\/wp\/v2\/product\/6671\/revisions"}],"predecessor-version":[{"id":10058,"href":"https:\/\/www.leatherlane.it\/it\/wp-json\/wp\/v2\/product\/6671\/revisions\/10058"}],"wp:featuredmedia":[{"embeddable":true,"href":"https:\/\/www.leatherlane.it\/it\/wp-json\/wp\/v2\/media\/9402"}],"wp:attachment":[{"href":"https:\/\/www.leatherlane.it\/it\/wp-json\/wp\/v2\/media?parent=6671"}],"wp:term":[{"taxonomy":"product_cat","embeddable":true,"href":"https:\/\/www.leatherlane.it\/it\/wp-json\/wp\/v2\/product_cat?post=6671"},{"taxonomy":"product_tag","embeddable":true,"href":"https:\/\/www.leatherlane.it\/it\/wp-json\/wp\/v2\/product_tag?post=6671"}],"curies":[{"name":"wp","href":"https:\/\/api.w.org\/{rel}","templated":true}]}}