{"id":9878,"date":"2023-06-23T17:21:06","date_gmt":"2023-06-23T17:21:06","guid":{"rendered":"https:\/\/www.leatherlane.it\/?post_type=product&#038;p=9878"},"modified":"2026-02-07T08:22:27","modified_gmt":"2026-02-07T08:22:27","slug":"lily-black","status":"publish","type":"product","link":"https:\/\/www.leatherlane.it\/it\/prodotto\/lily-black\/","title":{"rendered":"Lily"},"content":{"rendered":"<p style=\"text-align: center;\">I sandali a gabbia sono la silhouette della stagione: rappresentano una versione giocosa, pi\u00f9 delicata e femminile dei classici sandali da pescatore maschili. Le Lily sono realizzate in Italia con raffinata pelle di vitello, hanno un supporto per il tallone interno con imbottitura extra, una chiusura regolabile con una fibbia dorata ed un inserto antiscivolo in gomma sulla suola esterna, per il massimo comfort e sicurezza. Grazie alla loro eleganza discreta e nonchalance si prestano alle pi\u00f9 ampie possibilit\u00e0 di styling: scegli un voluminoso abito di cotone, jeans vintage color \u00e9cru o pantaloni larghi fluidi.<\/p>\n<p style=\"text-align: center;\">Tutte le nostre calzature sono realizzate a mano in Italia da artigiani esperti.<\/p>\n<p style=\"text-align: center;\">Reso e cambio taglia gratuiti.<\/p>\n<p style=\"text-align: center;\"><strong>Spedizione programmata<\/strong>: acquista ora e ricevi il tuo ordine quando desideri, lascia una nota durante il checkout<br \/>\n<strong>Modalit\u00e0 punto di ritiro<\/strong>: puoi ricevere il tuo ordine presso un punto di ritiro, basta chiederlo nelle note del tuo ordine<\/p>\n","protected":false},"excerpt":{"rendered":"<p>I sandali a gabbia sono la silhouette della stagione: rappresentano una versione giocosa, pi\u00f9 delicata e femminile dei classici sandali da pescatore maschili. Le Lily sono realizzate in Italia con raffinata pelle di vitello, hanno un supporto per il tallone interno con imbottitura extra, una chiusura regolabile con una fibbia dorata ed un inserto antiscivolo [&hellip;]<\/p>\n","protected":false},"featured_media":9911,"template":"","meta":{"inline_featured_image":false},"product_cat":[15,117],"product_tag":[],"class_list":{"0":"post-9878","1":"product","2":"type-product","3":"status-publish","4":"has-post-thumbnail","6":"product_cat-shop","7":"product_cat-orlando-mary-jane","9":"first","10":"instock","11":"sale","12":"taxable","13":"shipping-taxable","14":"purchasable","15":"product-type-variable","16":"has-default-attributes"},"yoast_head":"<!-- This site is optimized with the Yoast SEO plugin v22.8 - https:\/\/yoast.com\/wordpress\/plugins\/seo\/ -->\n<title>Lily - Leather Lane<\/title>\n<meta name=\"robots\" content=\"index, follow, max-snippet:-1, max-image-preview:large, max-video-preview:-1\" \/>\n<link rel=\"canonical\" href=\"https:\/\/www.leatherlane.it\/en\/prodotto\/lily-black\/\" \/>\n<meta property=\"og:locale\" content=\"it_IT\" \/>\n<meta property=\"og:type\" content=\"article\" \/>\n<meta property=\"og:title\" content=\"Lily - Leather Lane\" \/>\n<meta property=\"og:description\" content=\"I sandali a gabbia sono la silhouette della stagione: rappresentano una versione giocosa, pi\u00f9 delicata e femminile dei classici sandali da pescatore maschili. Le Lily sono realizzate in Italia con raffinata pelle di vitello, hanno un supporto per il tallone interno con imbottitura extra, una chiusura regolabile con una fibbia dorata ed un inserto antiscivolo [&hellip;]\" \/>\n<meta property=\"og:url\" content=\"https:\/\/www.leatherlane.it\/en\/prodotto\/lily-black\/\" \/>\n<meta property=\"og:site_name\" content=\"Leather Lane\" \/>\n<meta property=\"article:modified_time\" content=\"2026-02-07T08:22:27+00:00\" \/>\n<meta property=\"og:image\" content=\"https:\/\/www.leatherlane.it\/wp-content\/uploads\/2023\/06\/Il-mio-progetto38.jpg\" \/>\n\t<meta property=\"og:image:width\" content=\"1080\" \/>\n\t<meta property=\"og:image:height\" content=\"1080\" \/>\n\t<meta property=\"og:image:type\" content=\"image\/jpeg\" \/>\n<meta name=\"twitter:card\" content=\"summary_large_image\" \/>\n<meta name=\"twitter:label1\" content=\"Tempo di lettura stimato\" \/>\n\t<meta name=\"twitter:data1\" content=\"1 minuto\" \/>\n<script type=\"application\/ld+json\" class=\"yoast-schema-graph\">{\"@context\":\"https:\/\/schema.org\",\"@graph\":[{\"@type\":\"WebPage\",\"@id\":\"https:\/\/www.leatherlane.it\/en\/prodotto\/lily-black\/\",\"url\":\"https:\/\/www.leatherlane.it\/en\/prodotto\/lily-black\/\",\"name\":\"Lily - Leather Lane\",\"isPartOf\":{\"@id\":\"https:\/\/www.leatherlane.it\/en\/#website\"},\"primaryImageOfPage\":{\"@id\":\"https:\/\/www.leatherlane.it\/en\/prodotto\/lily-black\/#primaryimage\"},\"image\":{\"@id\":\"https:\/\/www.leatherlane.it\/en\/prodotto\/lily-black\/#primaryimage\"},\"thumbnailUrl\":\"https:\/\/www.leatherlane.it\/wp-content\/uploads\/2023\/06\/Il-mio-progetto38.jpg\",\"datePublished\":\"2023-06-23T17:21:06+00:00\",\"dateModified\":\"2026-02-07T08:22:27+00:00\",\"breadcrumb\":{\"@id\":\"https:\/\/www.leatherlane.it\/en\/prodotto\/lily-black\/#breadcrumb\"},\"inLanguage\":\"it-IT\",\"potentialAction\":[{\"@type\":\"ReadAction\",\"target\":[\"https:\/\/www.leatherlane.it\/en\/prodotto\/lily-black\/\"]}]},{\"@type\":\"ImageObject\",\"inLanguage\":\"it-IT\",\"@id\":\"https:\/\/www.leatherlane.it\/en\/prodotto\/lily-black\/#primaryimage\",\"url\":\"https:\/\/www.leatherlane.it\/wp-content\/uploads\/2023\/06\/Il-mio-progetto38.jpg\",\"contentUrl\":\"https:\/\/www.leatherlane.it\/wp-content\/uploads\/2023\/06\/Il-mio-progetto38.jpg\",\"width\":1080,\"height\":1080},{\"@type\":\"BreadcrumbList\",\"@id\":\"https:\/\/www.leatherlane.it\/en\/prodotto\/lily-black\/#breadcrumb\",\"itemListElement\":[{\"@type\":\"ListItem\",\"position\":1,\"name\":\"Home\",\"item\":\"https:\/\/www.leatherlane.it\/en\/\"},{\"@type\":\"ListItem\",\"position\":2,\"name\":\"Shop\",\"item\":\"https:\/\/www.leatherlane.it\/it\/shop\/\"},{\"@type\":\"ListItem\",\"position\":3,\"name\":\"Lily\"}]},{\"@type\":\"WebSite\",\"@id\":\"https:\/\/www.leatherlane.it\/en\/#website\",\"url\":\"https:\/\/www.leatherlane.it\/en\/\",\"name\":\"Leather Lane\",\"description\":\"\",\"potentialAction\":[{\"@type\":\"SearchAction\",\"target\":{\"@type\":\"EntryPoint\",\"urlTemplate\":\"https:\/\/www.leatherlane.it\/en\/?s={search_term_string}\"},\"query-input\":\"required name=search_term_string\"}],\"inLanguage\":\"it-IT\"}]}<\/script>\n<!-- \/ Yoast SEO plugin. -->","yoast_head_json":{"title":"Lily - Leather Lane","robots":{"index":"index","follow":"follow","max-snippet":"max-snippet:-1","max-image-preview":"max-image-preview:large","max-video-preview":"max-video-preview:-1"},"canonical":"https:\/\/www.leatherlane.it\/en\/prodotto\/lily-black\/","og_locale":"it_IT","og_type":"article","og_title":"Lily - Leather Lane","og_description":"I sandali a gabbia sono la silhouette della stagione: rappresentano una versione giocosa, pi\u00f9 delicata e femminile dei classici sandali da pescatore maschili. Le Lily sono realizzate in Italia con raffinata pelle di vitello, hanno un supporto per il tallone interno con imbottitura extra, una chiusura regolabile con una fibbia dorata ed un inserto antiscivolo [&hellip;]","og_url":"https:\/\/www.leatherlane.it\/en\/prodotto\/lily-black\/","og_site_name":"Leather Lane","article_modified_time":"2026-02-07T08:22:27+00:00","og_image":[{"width":1080,"height":1080,"url":"https:\/\/www.leatherlane.it\/wp-content\/uploads\/2023\/06\/Il-mio-progetto38.jpg","type":"image\/jpeg"}],"twitter_card":"summary_large_image","twitter_misc":{"Tempo di lettura stimato":"1 minuto"},"schema":{"@context":"https:\/\/schema.org","@graph":[{"@type":"WebPage","@id":"https:\/\/www.leatherlane.it\/en\/prodotto\/lily-black\/","url":"https:\/\/www.leatherlane.it\/en\/prodotto\/lily-black\/","name":"Lily - Leather Lane","isPartOf":{"@id":"https:\/\/www.leatherlane.it\/en\/#website"},"primaryImageOfPage":{"@id":"https:\/\/www.leatherlane.it\/en\/prodotto\/lily-black\/#primaryimage"},"image":{"@id":"https:\/\/www.leatherlane.it\/en\/prodotto\/lily-black\/#primaryimage"},"thumbnailUrl":"https:\/\/www.leatherlane.it\/wp-content\/uploads\/2023\/06\/Il-mio-progetto38.jpg","datePublished":"2023-06-23T17:21:06+00:00","dateModified":"2026-02-07T08:22:27+00:00","breadcrumb":{"@id":"https:\/\/www.leatherlane.it\/en\/prodotto\/lily-black\/#breadcrumb"},"inLanguage":"it-IT","potentialAction":[{"@type":"ReadAction","target":["https:\/\/www.leatherlane.it\/en\/prodotto\/lily-black\/"]}]},{"@type":"ImageObject","inLanguage":"it-IT","@id":"https:\/\/www.leatherlane.it\/en\/prodotto\/lily-black\/#primaryimage","url":"https:\/\/www.leatherlane.it\/wp-content\/uploads\/2023\/06\/Il-mio-progetto38.jpg","contentUrl":"https:\/\/www.leatherlane.it\/wp-content\/uploads\/2023\/06\/Il-mio-progetto38.jpg","width":1080,"height":1080},{"@type":"BreadcrumbList","@id":"https:\/\/www.leatherlane.it\/en\/prodotto\/lily-black\/#breadcrumb","itemListElement":[{"@type":"ListItem","position":1,"name":"Home","item":"https:\/\/www.leatherlane.it\/en\/"},{"@type":"ListItem","position":2,"name":"Shop","item":"https:\/\/www.leatherlane.it\/it\/shop\/"},{"@type":"ListItem","position":3,"name":"Lily"}]},{"@type":"WebSite","@id":"https:\/\/www.leatherlane.it\/en\/#website","url":"https:\/\/www.leatherlane.it\/en\/","name":"Leather Lane","description":"","potentialAction":[{"@type":"SearchAction","target":{"@type":"EntryPoint","urlTemplate":"https:\/\/www.leatherlane.it\/en\/?s={search_term_string}"},"query-input":"required name=search_term_string"}],"inLanguage":"it-IT"}]}},"_links":{"self":[{"href":"https:\/\/www.leatherlane.it\/it\/wp-json\/wp\/v2\/product\/9878","targetHints":{"allow":["GET"]}}],"collection":[{"href":"https:\/\/www.leatherlane.it\/it\/wp-json\/wp\/v2\/product"}],"about":[{"href":"https:\/\/www.leatherlane.it\/it\/wp-json\/wp\/v2\/types\/product"}],"version-history":[{"count":4,"href":"https:\/\/www.leatherlane.it\/it\/wp-json\/wp\/v2\/product\/9878\/revisions"}],"predecessor-version":[{"id":10027,"href":"https:\/\/www.leatherlane.it\/it\/wp-json\/wp\/v2\/product\/9878\/revisions\/10027"}],"wp:featuredmedia":[{"embeddable":true,"href":"https:\/\/www.leatherlane.it\/it\/wp-json\/wp\/v2\/media\/9911"}],"wp:attachment":[{"href":"https:\/\/www.leatherlane.it\/it\/wp-json\/wp\/v2\/media?parent=9878"}],"wp:term":[{"taxonomy":"product_cat","embeddable":true,"href":"https:\/\/www.leatherlane.it\/it\/wp-json\/wp\/v2\/product_cat?post=9878"},{"taxonomy":"product_tag","embeddable":true,"href":"https:\/\/www.leatherlane.it\/it\/wp-json\/wp\/v2\/product_tag?post=9878"}],"curies":[{"name":"wp","href":"https:\/\/api.w.org\/{rel}","templated":true}]}}